{"id":1940,"date":"2020-03-20T14:25:58","date_gmt":"2020-03-20T13:25:58","guid":{"rendered":"https:\/\/humann.es\/?page_id=1940"},"modified":"2020-03-20T14:25:58","modified_gmt":"2020-03-20T13:25:58","slug":"terms","status":"publish","type":"page","link":"https:\/\/humann.es\/en\/terms\/","title":{"rendered":"Terms &#038; Conditions"},"content":{"rendered":"<p>[et_pb_section bb_built=&#8221;1&#8243;][et_pb_row][et_pb_column type=&#8221;4_4&#8243;][et_pb_text _builder_version=&#8221;4.0.2&#8243; text_text_shadow_horizontal_length=&#8221;text_text_shadow_style,%91object Object%93&#8243; text_text_shadow_horizontal_length_tablet=&#8221;0px&#8221; text_text_shadow_vertical_length=&#8221;text_text_shadow_style,%91object Object%93&#8243; text_text_shadow_vertical_length_tablet=&#8221;0px&#8221; text_text_shadow_blur_strength=&#8221;text_text_shadow_style,%91object Object%93&#8243; text_text_shadow_blur_strength_tablet=&#8221;1px&#8221; link_text_shadow_horizontal_length=&#8221;link_text_shadow_style,%91object Object%93&#8243; link_text_shadow_horizontal_length_tablet=&#8221;0px&#8221; link_text_shadow_vertical_length=&#8221;link_text_shadow_style,%91object Object%93&#8243; link_text_shadow_vertical_length_tablet=&#8221;0px&#8221; link_text_shadow_blur_strength=&#8221;link_text_shadow_style,%91object Object%93&#8243; link_text_shadow_blur_strength_tablet=&#8221;1px&#8221; ul_text_shadow_horizontal_length=&#8221;ul_text_shadow_style,%91object Object%93&#8243; ul_text_shadow_horizontal_length_tablet=&#8221;0px&#8221; ul_text_shadow_vertical_length=&#8221;ul_text_shadow_style,%91object Object%93&#8243; ul_text_shadow_vertical_length_tablet=&#8221;0px&#8221; ul_text_shadow_blur_strength=&#8221;ul_text_shadow_style,%91object Object%93&#8243; ul_text_shadow_blur_strength_tablet=&#8221;1px&#8221; ol_text_shadow_horizontal_length=&#8221;ol_text_shadow_style,%91object Object%93&#8243; ol_text_shadow_horizontal_length_tablet=&#8221;0px&#8221; ol_text_shadow_vertical_length=&#8221;ol_text_shadow_style,%91object Object%93&#8243; ol_text_shadow_vertical_length_tablet=&#8221;0px&#8221; ol_text_shadow_blur_strength=&#8221;ol_text_shadow_style,%91object Object%93&#8243; ol_text_shadow_blur_strength_tablet=&#8221;1px&#8221; quote_text_shadow_horizontal_length=&#8221;quote_text_shadow_style,%91object Object%93&#8243; quote_text_shadow_horizontal_length_tablet=&#8221;0px&#8221; quote_text_shadow_vertical_length=&#8221;quote_text_shadow_style,%91object Object%93&#8243; quote_text_shadow_vertical_length_tablet=&#8221;0px&#8221; quote_text_shadow_blur_strength=&#8221;quote_text_shadow_style,%91object Object%93&#8243; quote_text_shadow_blur_strength_tablet=&#8221;1px&#8221; header_text_shadow_horizontal_length=&#8221;header_text_shadow_style,%91object Object%93&#8243; header_text_shadow_horizontal_length_tablet=&#8221;0px&#8221; header_text_shadow_vertical_length=&#8221;header_text_shadow_style,%91object Object%93&#8243; header_text_shadow_vertical_length_tablet=&#8221;0px&#8221; header_text_shadow_blur_strength=&#8221;header_text_shadow_style,%91object Object%93&#8243; header_text_shadow_blur_strength_tablet=&#8221;1px&#8221; header_2_text_shadow_horizontal_length=&#8221;header_2_text_shadow_style,%91object Object%93&#8243; header_2_text_shadow_horizontal_length_tablet=&#8221;0px&#8221; header_2_text_shadow_vertical_length=&#8221;header_2_text_shadow_style,%91object Object%93&#8243; header_2_text_shadow_vertical_length_tablet=&#8221;0px&#8221; header_2_text_shadow_blur_strength=&#8221;header_2_text_shadow_style,%91object Object%93&#8243; header_2_text_shadow_blur_strength_tablet=&#8221;1px&#8221; header_3_text_shadow_horizontal_length=&#8221;header_3_text_shadow_style,%91object Object%93&#8243; header_3_text_shadow_horizontal_length_tablet=&#8221;0px&#8221; header_3_text_shadow_vertical_length=&#8221;header_3_text_shadow_style,%91object Object%93&#8243; header_3_text_shadow_vertical_length_tablet=&#8221;0px&#8221; header_3_text_shadow_blur_strength=&#8221;header_3_text_shadow_style,%91object Object%93&#8243; header_3_text_shadow_blur_strength_tablet=&#8221;1px&#8221; header_4_text_shadow_horizontal_length=&#8221;header_4_text_shadow_style,%91object Object%93&#8243; header_4_text_shadow_horizontal_length_tablet=&#8221;0px&#8221; header_4_text_shadow_vertical_length=&#8221;header_4_text_shadow_style,%91object Object%93&#8243; header_4_text_shadow_vertical_length_tablet=&#8221;0px&#8221; header_4_text_shadow_blur_strength=&#8221;header_4_text_shadow_style,%91object Object%93&#8243; header_4_text_shadow_blur_strength_tablet=&#8221;1px&#8221; header_5_text_shadow_horizontal_length=&#8221;header_5_text_shadow_style,%91object Object%93&#8243; header_5_text_shadow_horizontal_length_tablet=&#8221;0px&#8221; header_5_text_shadow_vertical_length=&#8221;header_5_text_shadow_style,%91object Object%93&#8243; header_5_text_shadow_vertical_length_tablet=&#8221;0px&#8221; header_5_text_shadow_blur_strength=&#8221;header_5_text_shadow_style,%91object Object%93&#8243; header_5_text_shadow_blur_strength_tablet=&#8221;1px&#8221; header_6_text_shadow_horizontal_length=&#8221;header_6_text_shadow_style,%91object Object%93&#8243; header_6_text_shadow_horizontal_length_tablet=&#8221;0px&#8221; header_6_text_shadow_vertical_length=&#8221;header_6_text_shadow_style,%91object Object%93&#8243; header_6_text_shadow_vertical_length_tablet=&#8221;0px&#8221; header_6_text_shadow_blur_strength=&#8221;header_6_text_shadow_style,%91object Object%93&#8243; header_6_text_shadow_blur_strength_tablet=&#8221;1px&#8221; box_shadow_horizontal_tablet=&#8221;0px&#8221; box_shadow_vertical_tablet=&#8221;0px&#8221; box_shadow_blur_tablet=&#8221;40px&#8221; box_shadow_spread_tablet=&#8221;0px&#8221; z_index_tablet=&#8221;500&#8243;]<\/p>\n<h1>Terms &amp; Conditions<\/h1>\n<p>TALENTICO SKILL SL will only use your personal information under this Privacy Policy. If by any chance your personal information is needed for any other purpose different than those you accepted in the forms, we will ask for your previous consent. TALENTICO SKILL SL will not use your personal information for purposes unsuitable with those included in this clause.<\/p>\n<h2>WHO IS LIABLE FOR AN ADEQUATE MANAGEMENT OF THIS INFORMATION?<\/h2>\n<ul>\n<li>TALENTICO SKILL SL (B88192836)<\/li>\n<li>C\/ Del Iris 42 B, 28109 \u2013 Alcobendas (Madrid)<\/li>\n<li>info@humann.es<\/li>\n<li>Phone number. 91 7048 117<\/li>\n<li>Data protection officer contact: info@humann.es<\/li>\n<\/ul>\n<h2>FOR WHAT PURPOSE DO WE COLLECT AND MANAGE THIS INFORMATION?<\/h2>\n<p>This information will be used for internal staff recruitment procedures, current and in the future, of third party companies.<\/p>\n<h2>FOR HOW LONG DO WE KEEP AND MANAGE THIS PERSONAL INFORMATION?<\/h2>\n<p>Data will be kept as long as the candidate does not express his right of cancellation.<\/p>\n<p>The maximum deadline for saving curricular information within our client\u2019s recruitment processes will be one year.<\/p>\n<p>Beyond that deadline, you may send us again your updated curriculum.<\/p>\n<h2>DATA LEGITIMATION<\/h2>\n<p>When accessing our website and completing our forms or sending your personal information across electronic media, you are accepting this Privacy Policy. We base on our users consent to treat and manage the personal information he is providing. Additionally, we inform you that we will only use personal information in virtue of this Privacy Policy, and generally we will ask for explicit consent if in any case we will be needing to use your information for other purposes different from those you initially accepted.<\/p>\n<p>Finally we inform you you can withdraw your consent in any moment. You just have to contact us through any of the ways pointed in the Privacy Policy.<\/p>\n<h2>WITH WHO DO WE SHARE YOUR PERSONAL INFORMATION<\/h2>\n<p>Your personal information may be shared with third party companies interested in your academic or professional profile. Your data will be managed as of a candidate subtle to fill a position offered by this companies.<\/p>\n<p>No international data transfer will be made out of the European Economic Area.<\/p>\n<h2>WHAT ARE YOUR RIGHTS?<\/h2>\n<p>The user may exercise his data protection rights (access, rectification, objection, deletion, automatic decision, portability) via email addressing to <a href=\"mailto:info@humann.es\">info@humann.es<\/a>, or through convention post mail: C\/ Del Iris 42 B, 28109 \u2013 Alcobendas (Madrid). Identification documents may be required to validate the user\u2019s identity. Maximum response time will be of 30 days counting from date of receipt. If necessary, this deadline may be extended up to 2 months. In any case, you may request for the guardianship of the Agencia Espa\u00f1ola de Protecci\u00f3n de Datos, through its website.<\/p>\n<p>[\/et_pb_text][\/et_pb_column][\/et_pb_row][\/et_pb_section]<\/p>\n","protected":false},"excerpt":{"rendered":"<p><div class=\"et_pb_row et_pb_row_0 et_pb_row_empty\">\n\t\t\t\t\n\t\t\t\t\n\t\t\t\t\n\t\t\t\t\n\t\t\t\t\n\t\t\t<\/div> Terms &amp; ConditionsTALENTICO SKILL SL will only use your personal information under this Privacy Policy. If by any chance your personal information is needed for any other purpose different than those you accepted in the forms, we will ask for your previous consent. TALENTICO SKILL SL will not use your personal information for purposes [&hellip;]<\/p>\n","protected":false},"author":11,"featured_media":0,"parent":0,"menu_order":0,"comment_status":"closed","ping_status":"closed","template":"","meta":{"_et_pb_use_builder":"on","_et_pb_old_content":"[et_pb_section bb_built=\"1\"][et_pb_row][et_pb_column type=\"4_4\"][et_pb_text _builder_version=\"4.0.2\" text_text_shadow_horizontal_length=\"text_text_shadow_style,%91object Object%93\" text_text_shadow_horizontal_length_tablet=\"0px\" text_text_shadow_vertical_length=\"text_text_shadow_style,%91object Object%93\" text_text_shadow_vertical_length_tablet=\"0px\" text_text_shadow_blur_strength=\"text_text_shadow_style,%91object Object%93\" text_text_shadow_blur_strength_tablet=\"1px\" link_text_shadow_horizontal_length=\"link_text_shadow_style,%91object Object%93\" link_text_shadow_horizontal_length_tablet=\"0px\" link_text_shadow_vertical_length=\"link_text_shadow_style,%91object Object%93\" link_text_shadow_vertical_length_tablet=\"0px\" link_text_shadow_blur_strength=\"link_text_shadow_style,%91object Object%93\" link_text_shadow_blur_strength_tablet=\"1px\" ul_text_shadow_horizontal_length=\"ul_text_shadow_style,%91object Object%93\" ul_text_shadow_horizontal_length_tablet=\"0px\" ul_text_shadow_vertical_length=\"ul_text_shadow_style,%91object Object%93\" ul_text_shadow_vertical_length_tablet=\"0px\" ul_text_shadow_blur_strength=\"ul_text_shadow_style,%91object Object%93\" ul_text_shadow_blur_strength_tablet=\"1px\" ol_text_shadow_horizontal_length=\"ol_text_shadow_style,%91object Object%93\" ol_text_shadow_horizontal_length_tablet=\"0px\" ol_text_shadow_vertical_length=\"ol_text_shadow_style,%91object Object%93\" ol_text_shadow_vertical_length_tablet=\"0px\" ol_text_shadow_blur_strength=\"ol_text_shadow_style,%91object Object%93\" ol_text_shadow_blur_strength_tablet=\"1px\" quote_text_shadow_horizontal_length=\"quote_text_shadow_style,%91object Object%93\" quote_text_shadow_horizontal_length_tablet=\"0px\" quote_text_shadow_vertical_length=\"quote_text_shadow_style,%91object Object%93\" quote_text_shadow_vertical_length_tablet=\"0px\" quote_text_shadow_blur_strength=\"quote_text_shadow_style,%91object Object%93\" quote_text_shadow_blur_strength_tablet=\"1px\" header_text_shadow_horizontal_length=\"header_text_shadow_style,%91object Object%93\" header_text_shadow_horizontal_length_tablet=\"0px\" header_text_shadow_vertical_length=\"header_text_shadow_style,%91object Object%93\" header_text_shadow_vertical_length_tablet=\"0px\" header_text_shadow_blur_strength=\"header_text_shadow_style,%91object Object%93\" header_text_shadow_blur_strength_tablet=\"1px\" header_2_text_shadow_horizontal_length=\"header_2_text_shadow_style,%91object Object%93\" header_2_text_shadow_horizontal_length_tablet=\"0px\" header_2_text_shadow_vertical_length=\"header_2_text_shadow_style,%91object Object%93\" header_2_text_shadow_vertical_length_tablet=\"0px\" header_2_text_shadow_blur_strength=\"header_2_text_shadow_style,%91object Object%93\" header_2_text_shadow_blur_strength_tablet=\"1px\" header_3_text_shadow_horizontal_length=\"header_3_text_shadow_style,%91object Object%93\" header_3_text_shadow_horizontal_length_tablet=\"0px\" header_3_text_shadow_vertical_length=\"header_3_text_shadow_style,%91object Object%93\" header_3_text_shadow_vertical_length_tablet=\"0px\" header_3_text_shadow_blur_strength=\"header_3_text_shadow_style,%91object Object%93\" header_3_text_shadow_blur_strength_tablet=\"1px\" header_4_text_shadow_horizontal_length=\"header_4_text_shadow_style,%91object Object%93\" header_4_text_shadow_horizontal_length_tablet=\"0px\" header_4_text_shadow_vertical_length=\"header_4_text_shadow_style,%91object Object%93\" header_4_text_shadow_vertical_length_tablet=\"0px\" header_4_text_shadow_blur_strength=\"header_4_text_shadow_style,%91object Object%93\" header_4_text_shadow_blur_strength_tablet=\"1px\" header_5_text_shadow_horizontal_length=\"header_5_text_shadow_style,%91object Object%93\" header_5_text_shadow_horizontal_length_tablet=\"0px\" header_5_text_shadow_vertical_length=\"header_5_text_shadow_style,%91object Object%93\" header_5_text_shadow_vertical_length_tablet=\"0px\" header_5_text_shadow_blur_strength=\"header_5_text_shadow_style,%91object Object%93\" header_5_text_shadow_blur_strength_tablet=\"1px\" header_6_text_shadow_horizontal_length=\"header_6_text_shadow_style,%91object Object%93\" header_6_text_shadow_horizontal_length_tablet=\"0px\" header_6_text_shadow_vertical_length=\"header_6_text_shadow_style,%91object Object%93\" header_6_text_shadow_vertical_length_tablet=\"0px\" header_6_text_shadow_blur_strength=\"header_6_text_shadow_style,%91object Object%93\" header_6_text_shadow_blur_strength_tablet=\"1px\" box_shadow_horizontal_tablet=\"0px\" box_shadow_vertical_tablet=\"0px\" box_shadow_blur_tablet=\"40px\" box_shadow_spread_tablet=\"0px\" z_index_tablet=\"500\"]\r\n\r\n<h1>T\u00e9rminos y Condiciones<\/h1><p>TALENTICO SKILL SL s\u00f3lo usar\u00e1 tu informaci\u00f3n de car\u00e1cter personal en virtud de esta Pol\u00edtica de Privacidad y, con car\u00e1cter general, solicitar\u00e1 tu consentimiento para utilizar tu informaci\u00f3n de car\u00e1cter personal con fines distintos de aqu\u00e9llos para los cuales los otorgaste en los formularios.<\/p><p>TALENTICO SKILL SL no utilizar\u00e1 sus datos personales con finalidades incompatibles a las que figuran en esta cl\u00e1usula.<\/p><p><strong>\u00bfQUI\u00c9N ES EL RESPONSABLE DEL TRATAMIENTO?<\/strong><\/p><ul><li>Identidad del responsable. TALENTICO SKILL SL (B88192836)<\/li><li>Direcci\u00f3n f\u00edsica. C\/ Del Iris 42 B, 28109 \u2013 Alcobendas (Madrid)<\/li><li>Correo electr\u00f3nico. <a href=\"mailto:info@humann.es\">info@humann.es<\/a><\/li><li>Tel\u00e9fono 91 7048 117<\/li><li>Datos de contacto del Delegado de Protecci\u00f3n de Datos: <a href=\"mailto:info@humann.es\">info@humann.es<\/a><\/li><\/ul><p><strong>\u00bfCON QU\u00c9 FINALIDAD TRATAMOS LOS DATOS PERSONALES?<\/strong><\/p><p>Realizar los procedimientos internos de selecci\u00f3n de personal, tanto actuales como futuros, para gestionar el reclutamiento de personal para terceras empresas.<\/p><p><strong>\u00a0<\/strong><\/p><p><strong>\u00bfDURANTE CU\u00c1NTO TRATAMOS LOS DATOS PERSONALES?<\/strong><\/p><p>Los datos se conservar\u00e1n mientras el candidato no manifieste su derecho de cancelaci\u00f3n.<\/p><p>El plazo m\u00e1ximo de conservaci\u00f3n de informaci\u00f3n curricular por parte de nuestra empresa para participar en procesos de selecci\u00f3n de nuestros clientes ser\u00e1 de un a\u00f1o. Transcurrido dicho plazo puede volver a remitirnos su curr\u00edculum actualizado, en base al principio de calidad de los datos.<\/p><p><strong>\u00bfCU\u00c1L ES LA LEGITIMACI\u00d3N PARA EL TRATAMIENTO DE LOS DATOS?<\/strong><\/p><p>Al acceder a nuestra web y rellenar los formularios o enviarnos datos a trav\u00e9s de los medios de contacto electr\u00f3nicos indicados, aceptas esta Pol\u00edtica de Privacidad. Es por ello, que nos basamos en el consentimiento del usuario para el tratamiento de sus datos. Adicionalmente, te informamos que s\u00f3lo usaremos la informaci\u00f3n de car\u00e1cter personal en virtud de esta Pol\u00edtica de Privacidad y, con car\u00e1cter general, solicitaremos tu consentimiento para usos con fines distintos de aqu\u00e9llos para los cuales los otorgaste inicialmente. Finalmente, te informamos que puedes retirar el consentimiento en cualquier momento, solo tendr\u00e1s que ponerte en contacto con nosotros a trav\u00e9s de los medios indicados en esta pol\u00edtica de privacidad.<\/p><p><strong>\u00bfCON QUI\u00c9N COMPARTIMOS LOS DATOS PERSONALES?<\/strong><\/p><p>Sus podr\u00e1n ser cedidos a terceras empresas interesadas en su perfil acad\u00e9mico o profesional. En esta cesi\u00f3n sus datos ser\u00e1n tratados en calidad de candidato para cubrir los puestos vacantes ofertados por aqu\u00e9llas.<\/p><p>Del mismo modo, no se realizan transferencias internacionales de datos fuera del Espacio Econ\u00f3mico Europeo.<\/p><p><strong>\u00bfQU\u00c9 DERECHOS PUEDES EJERCER?<\/strong><\/p><p>El interesado podr\u00e1 ejercitar sus derechos sobre protecci\u00f3n de datos (acceso, rectificaci\u00f3n, oposici\u00f3n, supresi\u00f3n, decisiones automatizadas, limitaci\u00f3n del tratamiento, portabilidad) por correo electr\u00f3nico en recomendamos <a href=\"mailto:info@humann.es\">info@humann.es<\/a>, o por correo postal en C\/ Del Iris 42 B, 28109 \u2013 Alcobendas (Madrid). Podr\u00e1 requerirse documentaci\u00f3n que acredite la identidad del solicitante (copia del anverso del Documento Nacional de Identidad, o equivalente). El plazo de respuesta m\u00e1ximo ser\u00e1 de 30 d\u00edas desde su recepci\u00f3n, pudiendo prorrogarse como m\u00e1ximo por un plazo de 2 meses siempre que sea necesario. En cualquier caso, puede solicitar la tutela de la Agencia Espa\u00f1ola de Protecci\u00f3n de Datos a trav\u00e9s de su p\u00e1gina web.<\/p>\r\n\r\n[\/et_pb_text][\/et_pb_column][\/et_pb_row][\/et_pb_section]","_et_gb_content_width":"","footnotes":""},"class_list":["post-1940","page","type-page","status-publish","hentry"],"yoast_head":"<!-- This site is optimized with the Yoast SEO plugin v27.2 - https:\/\/yoast.com\/product\/yoast-seo-wordpress\/ -->\n<title>Terms &amp; Conditions | Humann<\/title>\n<meta name=\"robots\" content=\"index, follow, max-snippet:-1, max-image-preview:large, max-video-preview:-1\" \/>\n<link rel=\"canonical\" href=\"https:\/\/humann.es\/en\/terms\/\" \/>\n<meta property=\"og:locale\" content=\"en_US\" \/>\n<meta property=\"og:type\" content=\"article\" \/>\n<meta property=\"og:title\" content=\"Terms &amp; Conditions | Humann\" \/>\n<meta property=\"og:description\" content=\"Terms &amp; ConditionsTALENTICO SKILL SL will only use your personal information under this Privacy Policy. If by any chance your personal information is needed for any other purpose different than those you accepted in the forms, we will ask for your previous consent. TALENTICO SKILL SL will not use your personal information for purposes [&hellip;]\" \/>\n<meta property=\"og:url\" content=\"https:\/\/humann.es\/en\/terms\/\" \/>\n<meta property=\"og:site_name\" content=\"Humann\" \/>\n<meta name=\"twitter:card\" content=\"summary_large_image\" \/>\n<meta name=\"twitter:label1\" content=\"Est. reading time\" \/>\n\t<meta name=\"twitter:data1\" content=\"5 minutes\" \/>\n<script type=\"application\/ld+json\" class=\"yoast-schema-graph\">{\"@context\":\"https:\/\/schema.org\",\"@graph\":[{\"@type\":\"WebPage\",\"@id\":\"https:\/\/humann.es\/en\/terms\/\",\"url\":\"https:\/\/humann.es\/en\/terms\/\",\"name\":\"Terms & Conditions | Humann\",\"isPartOf\":{\"@id\":\"https:\/\/humann.es\/#website\"},\"datePublished\":\"2020-03-20T13:25:58+00:00\",\"breadcrumb\":{\"@id\":\"https:\/\/humann.es\/en\/terms\/#breadcrumb\"},\"inLanguage\":\"en-US\",\"potentialAction\":[{\"@type\":\"ReadAction\",\"target\":[\"https:\/\/humann.es\/en\/terms\/\"]}]},{\"@type\":\"BreadcrumbList\",\"@id\":\"https:\/\/humann.es\/en\/terms\/#breadcrumb\",\"itemListElement\":[{\"@type\":\"ListItem\",\"position\":1,\"name\":\"Portada\",\"item\":\"https:\/\/humann.es\/en\/\"},{\"@type\":\"ListItem\",\"position\":2,\"name\":\"Terms &#038; Conditions\"}]},{\"@type\":\"WebSite\",\"@id\":\"https:\/\/humann.es\/#website\",\"url\":\"https:\/\/humann.es\/\",\"name\":\"Humann\",\"description\":\"Much more than headhunters\",\"publisher\":{\"@id\":\"https:\/\/humann.es\/#organization\"},\"potentialAction\":[{\"@type\":\"SearchAction\",\"target\":{\"@type\":\"EntryPoint\",\"urlTemplate\":\"https:\/\/humann.es\/?s={search_term_string}\"},\"query-input\":{\"@type\":\"PropertyValueSpecification\",\"valueRequired\":true,\"valueName\":\"search_term_string\"}}],\"inLanguage\":\"en-US\"},{\"@type\":\"Organization\",\"@id\":\"https:\/\/humann.es\/#organization\",\"name\":\"Humann\",\"url\":\"https:\/\/humann.es\/\",\"logo\":{\"@type\":\"ImageObject\",\"inLanguage\":\"en-US\",\"@id\":\"https:\/\/humann.es\/#\/schema\/logo\/image\/\",\"url\":\"https:\/\/humann.es\/wp-content\/uploads\/humann-logotipo.png\",\"contentUrl\":\"https:\/\/humann.es\/wp-content\/uploads\/humann-logotipo.png\",\"width\":260,\"height\":38,\"caption\":\"Humann\"},\"image\":{\"@id\":\"https:\/\/humann.es\/#\/schema\/logo\/image\/\"}}]}<\/script>\n<!-- \/ Yoast SEO plugin. -->","yoast_head_json":{"title":"Terms & Conditions | Humann","robots":{"index":"index","follow":"follow","max-snippet":"max-snippet:-1","max-image-preview":"max-image-preview:large","max-video-preview":"max-video-preview:-1"},"canonical":"https:\/\/humann.es\/en\/terms\/","og_locale":"en_US","og_type":"article","og_title":"Terms & Conditions | Humann","og_description":"Terms &amp; ConditionsTALENTICO SKILL SL will only use your personal information under this Privacy Policy. If by any chance your personal information is needed for any other purpose different than those you accepted in the forms, we will ask for your previous consent. TALENTICO SKILL SL will not use your personal information for purposes [&hellip;]","og_url":"https:\/\/humann.es\/en\/terms\/","og_site_name":"Humann","twitter_card":"summary_large_image","twitter_misc":{"Est. reading time":"5 minutes"},"schema":{"@context":"https:\/\/schema.org","@graph":[{"@type":"WebPage","@id":"https:\/\/humann.es\/en\/terms\/","url":"https:\/\/humann.es\/en\/terms\/","name":"Terms & Conditions | Humann","isPartOf":{"@id":"https:\/\/humann.es\/#website"},"datePublished":"2020-03-20T13:25:58+00:00","breadcrumb":{"@id":"https:\/\/humann.es\/en\/terms\/#breadcrumb"},"inLanguage":"en-US","potentialAction":[{"@type":"ReadAction","target":["https:\/\/humann.es\/en\/terms\/"]}]},{"@type":"BreadcrumbList","@id":"https:\/\/humann.es\/en\/terms\/#breadcrumb","itemListElement":[{"@type":"ListItem","position":1,"name":"Portada","item":"https:\/\/humann.es\/en\/"},{"@type":"ListItem","position":2,"name":"Terms &#038; Conditions"}]},{"@type":"WebSite","@id":"https:\/\/humann.es\/#website","url":"https:\/\/humann.es\/","name":"Humann","description":"Much more than headhunters","publisher":{"@id":"https:\/\/humann.es\/#organization"},"potentialAction":[{"@type":"SearchAction","target":{"@type":"EntryPoint","urlTemplate":"https:\/\/humann.es\/?s={search_term_string}"},"query-input":{"@type":"PropertyValueSpecification","valueRequired":true,"valueName":"search_term_string"}}],"inLanguage":"en-US"},{"@type":"Organization","@id":"https:\/\/humann.es\/#organization","name":"Humann","url":"https:\/\/humann.es\/","logo":{"@type":"ImageObject","inLanguage":"en-US","@id":"https:\/\/humann.es\/#\/schema\/logo\/image\/","url":"https:\/\/humann.es\/wp-content\/uploads\/humann-logotipo.png","contentUrl":"https:\/\/humann.es\/wp-content\/uploads\/humann-logotipo.png","width":260,"height":38,"caption":"Humann"},"image":{"@id":"https:\/\/humann.es\/#\/schema\/logo\/image\/"}}]}},"_links":{"self":[{"href":"https:\/\/humann.es\/en\/wp-json\/wp\/v2\/pages\/1940","targetHints":{"allow":["GET"]}}],"collection":[{"href":"https:\/\/humann.es\/en\/wp-json\/wp\/v2\/pages"}],"about":[{"href":"https:\/\/humann.es\/en\/wp-json\/wp\/v2\/types\/page"}],"author":[{"embeddable":true,"href":"https:\/\/humann.es\/en\/wp-json\/wp\/v2\/users\/11"}],"replies":[{"embeddable":true,"href":"https:\/\/humann.es\/en\/wp-json\/wp\/v2\/comments?post=1940"}],"version-history":[{"count":1,"href":"https:\/\/humann.es\/en\/wp-json\/wp\/v2\/pages\/1940\/revisions"}],"predecessor-version":[{"id":1942,"href":"https:\/\/humann.es\/en\/wp-json\/wp\/v2\/pages\/1940\/revisions\/1942"}],"wp:attachment":[{"href":"https:\/\/humann.es\/en\/wp-json\/wp\/v2\/media?parent=1940"}],"curies":[{"name":"wp","href":"https:\/\/api.w.org\/{rel}","templated":true}]}}